{"id":2607,"date":"2024-07-03T17:14:51","date_gmt":"2024-07-03T15:14:51","guid":{"rendered":"https:\/\/keystoonmusic.nl\/?page_id=2607"},"modified":"2026-01-21T13:52:45","modified_gmt":"2026-01-21T12:52:45","slug":"jij-hoort-in-het-theater","status":"publish","type":"page","link":"https:\/\/keystoonmusic.nl\/index.php\/jij-hoort-in-het-theater\/","title":{"rendered":"Jij HOORT in het theater"},"content":{"rendered":"\n<h4 class=\"wp-block-heading\"><mark style=\"background-color: rgba(0, 0, 0, 0);\" class=\"has-inline-color\"><font color=\"#00d3ff\"><strong>Mijn naam is Toon Lips<\/strong>,<\/font><\/mark><\/h4>\n\n\n<div class=\"wp-block-image\">\n<figure class=\"alignleft size-large is-resized\"><a href=\"https:\/\/keystoonmusic.nl\/wp-content\/uploads\/2024\/12\/Rae4fBVrRv.jpg\"><img loading=\"lazy\" decoding=\"async\" width=\"1024\" height=\"735\" src=\"https:\/\/keystoonmusic.nl\/wp-content\/uploads\/2024\/12\/Rae4fBVrRv-1024x735.jpg\" alt=\"\" class=\"wp-image-3102\" style=\"width:234px;height:auto\" srcset=\"https:\/\/keystoonmusic.nl\/wp-content\/uploads\/2024\/12\/Rae4fBVrRv-1024x735.jpg 1024w, https:\/\/keystoonmusic.nl\/wp-content\/uploads\/2024\/12\/Rae4fBVrRv-300x215.jpg 300w, https:\/\/keystoonmusic.nl\/wp-content\/uploads\/2024\/12\/Rae4fBVrRv-768x551.jpg 768w, https:\/\/keystoonmusic.nl\/wp-content\/uploads\/2024\/12\/Rae4fBVrRv.jpg 1447w\" sizes=\"auto, (max-width: 1024px) 100vw, 1024px\" \/><\/a><\/figure>\n<\/div>\n\n\n<p><mark style=\"background-color: rgba(0, 0, 0, 0);\" class=\"has-inline-color\"><i style=\"color: rgb(0, 211, 255);\">pianist en leider van het trio \u201cCAMOWA let\u2019s jazz!\u201d.<\/i><\/mark>         <mark style=\"background-color: rgba(0, 0, 0, 0);\" class=\"has-inline-color\"><i style=\"color: rgb(0, 211, 255);\">Ik heb een cochleair implantaat (<\/i><mark style=\"background-color: rgba(0, 0, 0, 0);\" class=\"has-inline-color\"><em style=\"color: rgb(0, 211, 255); font-style: italic;\">Sinds januari 2023<\/em><\/mark><\/mark><mark style=\"background-color:rgba(0, 0, 0, 0);color:#00d3ff\" class=\"has-inline-color\">)<\/mark><mark style=\"background-color:rgba(0, 0, 0, 0);color:#00d3ff\" class=\"has-inline-color\"><em> \u00e9n draag een gehoorapparaat. Zonder deze hulpmiddelen hoor ik vrijwel niets, maar m\u00e9t ben ik in staat om te musiceren en diverse ensembles te leiden. In december 2024 heb ik dit hartverwarmende concert mogen organiseren.<\/em><\/mark><\/p>\n\n\n\n<h2 class=\"wp-block-heading has-text-align-center\"><mark style=\"background-color:rgba(0, 0, 0, 0);color:#00d3ff\" class=\"has-inline-color\"> <\/mark><mark style=\"background-color:rgba(0, 0, 0, 0);color:#f9ff00\" class=\"has-inline-color\"><strong><span style=\"text-decoration: underline;\">&#8220;Jij HOORT in het theater!&#8221;<\/span><\/strong><\/mark><\/h2>\n\n\n\n<h6 class=\"wp-block-heading has-text-align-center\"><a href=\"https:\/\/keystoonmusic.nl\/index.php\/jij-hoort-2\/\" data-type=\"page\" data-id=\"2049\"><strong><mark style=\"background-color:rgba(0, 0, 0, 0);color:#f9ff00\" class=\"has-inline-color\"><span style=\"text-decoration: underline;\">&#8220;Jij HOORT in het theater!&#8221; 3<\/span><\/mark> <\/strong><\/a><\/h6>\n\n\n\n<p><mark style=\"background-color:rgba(0, 0, 0, 0);color:#fffc00\" class=\"has-inline-color\">Iedereen met een gehoorprobleem met vertrouwen naar het theater.<\/mark><\/p>\n\n\n\n<p><mark style=\"background-color:rgba(0, 0, 0, 0);color:#00d3ff\" class=\"has-inline-color\">Ik ging niet meer naar het theater! Er zijn veel slechthorenden die afhaken.<\/mark><\/p>\n\n\n\n<p><strong>        <div class=\"rmwr-wrapper\" \n             data-id=\"rmwr-69f96b384c300\"\n             data-mode=\"normal\"\n             data-animation=\"fade\"\n             data-duration=\"300\"\n             data-smooth-scroll=\"true\"\n             data-scroll-offset=\"0\">\n            <button \n                type=\"button\"\n                class=\"read-link\" \n                id=\"readlinkrmwr-69f96b384c300\"\n                data-open-text=\"Lees meer\"\n                data-close-text=\"Lees minder\"\n                aria-expanded=\"false\"\n                aria-controls=\"readrmwr-69f96b384c300\"\n                aria-label=\"Lees meer\"\n            >\n                <span class=\"rmwr-text\">Lees meer<\/span>\n            <\/button>\n            <div \n                class=\"read_div\" \n                id=\"readrmwr-69f96b384c300\"\n                aria-hidden=\"true\"\n                data-animation=\"fade\"\n                data-duration=\"300\"\n                style=\"display: none;\"\n            >\n                <\/strong><mark style=\"color:#00d3ff\" class=\"has-inline-color\">Mislukte bezoeken in meerdere theaters hebben mijn zelfvertrouwen behoorlijk aangetast.<\/mark> <mark style=\"color:#00d3ff\" class=\"has-inline-color\">Dit had soms te maken met de  staat van de audio in het theater.<\/mark> <mark style=\"color:#00d3ff\" class=\"has-inline-color\">Sinds enkele jaren wordt er pro actief gecommuniceerd.<\/mark> <mark style=\"color:#00d3ff\" class=\"has-inline-color\">Een vernieuwde ringleiding en koptelefoons zijn aangeschaft en ingesteld in &#8220;mijn&#8221; theater de Meerpaal.<\/mark><strong>                                                                          <\/strong><\/p>\n\n\n\n<p><mark style=\"color:#00d3ff\" class=\"has-inline-color\">Maar is het voldoende?<\/mark> <mark style=\"color:#00d3ff\" class=\"has-inline-color\">Ga ik met een  koptelefoon op in de zaal zitten? <\/mark><\/p>\n\n\n\n<p><mark style=\"color:#00d3ff\" class=\"has-inline-color\">Dacht het niet!<\/mark><strong>             <\/div>\n        <\/div>\n        <\/strong><mark style=\"background-color:rgba(0, 0, 0, 0);color:#00d3ff\" class=\"has-inline-color\"> <\/mark><\/p>\n\n\n<div class=\"wp-block-image\">\n<figure class=\"alignright size-full is-resized\"><a href=\"https:\/\/www.linkedin.com\/in\/toon-lips-36283137\/\" target=\"_blank\" rel=\"noreferrer noopener\"><img loading=\"lazy\" decoding=\"async\" width=\"267\" height=\"270\" src=\"https:\/\/keystoonmusic.nl\/wp-content\/uploads\/2024\/08\/WINWORD_zYyk4qZxyI.jpg\" alt=\"\" class=\"wp-image-2876\" style=\"width:37px;height:auto\"\/><\/a><\/figure>\n<\/div>\n\n\n<p class=\"has-text-align-left\"><mark style=\"background-color:rgba(0, 0, 0, 0);color:#00d3ff\" class=\"has-inline-color\">D\u00e1\u00e1r hebben we wat aan gedaan.<\/mark> <mark style=\"background-color:rgba(0, 0, 0, 0);color:#00d3ff\" class=\"has-inline-color\">Met mijn audicien en een aantal muziekvrienden heb ik een theaterproject gestart.<\/mark><\/p>\n\n\n<div class=\"wp-block-image\">\n<figure class=\"alignright size-full is-resized\"><a href=\"https:\/\/keystoonmusic.nl\/wp-content\/uploads\/2024\/10\/WINWORD_MOTFhat9P4.jpg\" target=\"_blank\" rel=\"noreferrer noopener\"><img loading=\"lazy\" decoding=\"async\" width=\"573\" height=\"824\" src=\"https:\/\/keystoonmusic.nl\/wp-content\/uploads\/2024\/10\/WINWORD_MOTFhat9P4.jpg\" alt=\"\" class=\"wp-image-3014\" style=\"width:74px;height:auto\" srcset=\"https:\/\/keystoonmusic.nl\/wp-content\/uploads\/2024\/10\/WINWORD_MOTFhat9P4.jpg 573w, https:\/\/keystoonmusic.nl\/wp-content\/uploads\/2024\/10\/WINWORD_MOTFhat9P4-209x300.jpg 209w\" sizes=\"auto, (max-width: 573px) 100vw, 573px\" \/><\/a><\/figure>\n<\/div>\n\n\n<p class=\"has-text-align-left\"><mark style=\"background-color:rgba(0, 0, 0, 0);color:#00d3ff\" class=\"has-inline-color\"><strong>        <div class=\"rmwr-wrapper\" \n             data-id=\"rmwr-69f96b384c4fa\"\n             data-mode=\"normal\"\n             data-animation=\"fade\"\n             data-duration=\"300\"\n             data-smooth-scroll=\"true\"\n             data-scroll-offset=\"0\">\n            <button \n                type=\"button\"\n                class=\"read-link\" \n                id=\"readlinkrmwr-69f96b384c4fa\"\n                data-open-text=\"Lees meer\"\n                data-close-text=\"Lees minder\"\n                aria-expanded=\"false\"\n                aria-controls=\"readrmwr-69f96b384c4fa\"\n                aria-label=\"Lees meer\"\n            >\n                <span class=\"rmwr-text\">Lees meer<\/span>\n            <\/button>\n            <div \n                class=\"read_div\" \n                id=\"readrmwr-69f96b384c4fa\"\n                aria-hidden=\"true\"\n                data-animation=\"fade\"\n                data-duration=\"300\"\n                style=\"display: none;\"\n            >\n                 <\/strong><\/mark><\/p>\n\n\n\n<p class=\"has-text-align-left\"><mark style=\"color:#00d3ff\" class=\"has-inline-color\">waarin dove en horende artiesten, jong &amp; oud, hebben opgetreden met een mix van klassiek, jazz, rock en modern repertoire. Gericht op een publiek (van alle leeftijden; gehoorbeperkend of volledig horend). Er was ruimte voor informatie, service en ontspanning. Ook heeft een innovatief audio systeem (Sennheiser &#8220;MobileConnect&#8221;) deel uitgemaakt van dit unieke project. <\/mark><\/p>\n\n\n\n<figure class=\"wp-block-image size-full is-resized\"><img loading=\"lazy\" decoding=\"async\" width=\"231\" height=\"215\" src=\"https:\/\/keystoonmusic.nl\/wp-content\/uploads\/2023\/02\/Zwart.jpg\" alt=\"\" class=\"wp-image-2064\" style=\"width:21px;height:auto\" \/><\/figure>\n\n\n\n<p><mark style=\"color:#00d3ff\" class=\"has-inline-color\"><mark style=\"color:#00d3ff\" class=\"has-inline-color\">Mijn verhaal krijgt veel steun vanuit diverse maatschappelijke richtingen.                                                                                                                                 Ik wil h\u00e9\u00e9l v\u00e9\u00e9l mensen bereiken!                                                                                               <mark style=\"color:#00d3ff\" class=\"has-inline-color\">Het gaat niet om mij; het gaat over mijn lotgenoten.<\/mark><\/mark><\/mark><\/p>\n\n\n\n<p class=\"has-text-align-left\"><mark style=\"color:#00d3ff\" class=\"has-inline-color\"><strong>            <\/div>\n        <\/div>\n        <\/strong> <\/mark><\/p>\n\n\n\n<p><mark style=\"background-color:rgba(0, 0, 0, 0);color:#00d3ff\" class=\"has-inline-color\"><mark style=\"background-color:rgba(0, 0, 0, 0);color:#00d3ff\" class=\"has-inline-color\"><mark style=\"background-color:rgba(0, 0, 0, 0);color:#00d3ff\" class=\"has-inline-color\">Beluister de <\/mark><\/mark><\/mark><mark style=\"background-color:rgba(0, 0, 0, 0);color:#f0ff00\" class=\"has-inline-color\"><a href=\"https:\/\/keystoonmusic.nl\/index.php\/trio-toon-lips\/\" target=\"_blank\" rel=\"noreferrer noopener\">(live) opnamen<\/a> <\/mark><mark style=\"background-color:rgba(0, 0, 0, 0);color:#00d3ff\" class=\"has-inline-color\"><mark style=\"background-color:rgba(0, 0, 0, 0);color:#00d3ff\" class=\"has-inline-color\"><mark style=\"background-color:rgba(0, 0, 0, 0);color:#00d3ff\" class=\"has-inline-color\">van trio Toon Lips<\/mark><\/mark><\/mark><mark style=\"background-color:rgba(0, 0, 0, 0);color:#00d3ff\" class=\"has-inline-color\"><mark style=\"background-color:rgba(0, 0, 0, 0);color:#00d3ff\" class=\"has-inline-color\"><mark style=\"background-color:rgba(0, 0, 0, 0);color:#00d3ff\" class=\"has-inline-color\"> en ontdek dat ik met de steun van mijn musici als  pianist &#8220;gewoon&#8221; kan optreden.<\/mark><\/mark><\/mark><\/p>\n\n\n\n<div class=\"wp-block-group\"><div class=\"wp-block-group__inner-container is-layout-constrained wp-block-group-is-layout-constrained\">\n<h4 class=\"wp-block-heading\"><mark style=\"background-color:rgba(0, 0, 0, 0);color:#00d3ff\" class=\"has-inline-color\">Mijn missie: <\/mark><mark style=\"background-color:rgba(0, 0, 0, 0);color:#ffeb00\" class=\"has-inline-color\">&#8220;theater voor IEDEREEN toegankelijk&#8221; <\/mark><\/h4>\n\n\n\n<div class=\"wp-block-group\"><div class=\"wp-block-group__inner-container is-layout-constrained wp-block-group-is-layout-constrained\">\n<figure class=\"wp-block-embed is-type-video is-provider-youtube wp-block-embed-youtube wp-embed-aspect-16-9 wp-has-aspect-ratio\"><div class=\"wp-block-embed__wrapper\">\n<iframe loading=\"lazy\" title=\"&quot;Jij HOORT in het theater&quot;\" width=\"750\" height=\"422\" src=\"https:\/\/www.youtube.com\/embed\/BABfuM3jeSY?feature=oembed\" frameborder=\"0\" allow=\"accelerometer; autoplay; clipboard-write; encrypted-media; gyroscope; picture-in-picture; web-share\" referrerpolicy=\"strict-origin-when-cross-origin\" allowfullscreen><\/iframe>\n<\/div><\/figure>\n<\/div><\/div>\n\n\n\n<div class=\"wp-block-group is-nowrap is-layout-flex wp-container-core-group-is-layout-64989fb1 wp-block-group-is-layout-flex\">\n<div class=\"wp-block-buttons is-content-justification-space-between is-layout-flex wp-container-core-buttons-is-layout-d3c43caa wp-block-buttons-is-layout-flex\">\n<div class=\"wp-block-button is-style-outline is-style-outline--1\"><a class=\"wp-block-button__link wp-element-button\" href=\"https:\/\/www.omroepflevoland.nl\/nieuws\/408627\/concert-in-dronten-maakt-muziek-zichtbaar-en-voelbaar-voor-mensen-met-gehoorverlies\" target=\"_blank\" rel=\"noreferrer noopener\">Interview Omroep Flevoland<\/a><\/div>\n\n\n\n<div class=\"wp-block-button is-style-outline is-style-outline--2\"><a class=\"wp-block-button__link has-text-align-center wp-element-button\" href=\"https:\/\/keystoonmusic.nl\/index.php\/contact\/\">contact<\/a><\/div>\n<\/div>\n\n\n\n<figure class=\"wp-block-image size-full\"><a href=\"https:\/\/www.gigstarter.nl\/artiesten\/toon-lips\" target=\"_blank\" rel=\"noreferrer noopener\"><img loading=\"lazy\" decoding=\"async\" width=\"139\" height=\"60\" src=\"https:\/\/keystoonmusic.nl\/wp-content\/uploads\/2023\/12\/chrome_UtdX3zRa1Z.jpg\" alt=\"\" class=\"wp-image-2429\"\/><\/a><\/figure>\n<\/div>\n\n\n\n<h4 class=\"wp-block-heading\"><mark style=\"background-color:rgba(0, 0, 0, 0);color:#5c82f5\" class=\"has-inline-color\">Een presentatie bij uw organisatie? meldt u via contact.<\/mark><\/h4>\n\n\n\n\t\t<link href=\"https:\/\/keystoonmusic.nl\/wp-content\/plugins\/slideshow-ck\/themes\/default\/css\/camera.css\" rel=\"stylesheet\" type=\"text\/css\" \/>\n\t\t<style type=\"text\/css\">\n\t\t\t#camera_wrap_2906 .camera_pag_ul li img, #camera_wrap_2906 .camera_thumbs_cont ul li img {\n\t\t\t\theight:100px;\n\t\t\t\twidth: auto;\n\t\t\t}\n\t\t\t#camera_wrap_2906 .camera_caption {\n\t\t\t\tdisplay: block;\n\t\t\t\tposition: absolute;\n\t\t\t}\n\t\t\t#camera_wrap_2906 .camera_caption a.camera_caption_link {\n\t\t\t\tdisplay: block;\n\t\t\t\tposition: absolute;\n\t\t\t\tleft: 0;\n\t\t\t\tright: 0;\n\t\t\t\ttop: 0;\n\t\t\t\tbottom: 0;\n\t\t\t}\n\t\t\t#camera_wrap_2906 .camera_caption > div {\n\t\t\t\tbackground: #000000;\t\t\t}\n\t\t\t#camera_wrap_2906 .camera_caption div.camera_caption_title {\n\t\t\t\tfont-size: 18px;line-height: 18px;font-weight: normal;\t\t\t}\n\t\t\t#camera_wrap_2906 .camera_caption div.camera_caption_desc {\n\t\t\t\tfont-size: 12px;line-height: 12px;font-weight: normal;\t\t\t}\n\t\t<\/style>\n\t\t\t\t<div class=\"slideshowck camera_wrap camera_cyan_skin\" id=\"camera_wrap_2906\">\n\t\t\t\t\t\t\t<div  data-thumb=\"https:\/\/keystoonmusic.nl\/wp-content\/uploads\/2024\/10\/WINWORD_MOTFhat9P4.jpg\" data-src=\"https:\/\/keystoonmusic.nl\/wp-content\/uploads\/2024\/10\/WINWORD_MOTFhat9P4.jpg\" data-link=\"https:\/\/keystoonmusic.nl\/wp-content\/uploads\/2024\/10\/WINWORD_MOTFhat9P4.jpg\" data-target=\"_parent\">\n\t\t\t\t\t\t\t\t\t\t\t\t<div class=\"camera_caption moveFromLeft\">\n\t\t\t\t\t\t\t\t\t\t\t\t\t\t\t\t\t\t\t\t\t<div class=\"camera_caption_desc\">\n\t\t\t\t\t\t\t\tFlyer\t\t\t\t\t\t\t<\/div>\n\t\t\t\t\t\t\t\t\t\t\t\t\t\t\t\t\t\t\t\t\t\t\t\t\t\t\t<\/div>\n\t\t\t\t\t\t\t\t\t\t<\/div>\n\t\t\t\t\t\t\t<div  data-thumb=\"https:\/\/keystoonmusic.nl\/wp-content\/uploads\/2024\/12\/My6PtF2KC0.jpg\" data-src=\"https:\/\/keystoonmusic.nl\/wp-content\/uploads\/2024\/12\/My6PtF2KC0.jpg\" data-link=\"https:\/\/keystoonmusic.nl\/wp-content\/uploads\/2024\/12\/My6PtF2KC0.jpg\" data-target=\"_parent\">\n\t\t\t\t\t\t\t\t\t\t\t\t<div class=\"camera_caption moveFromLeft\">\n\t\t\t\t\t\t\t\t\t\t\t\t\t\t\t\t\t\t\t\t\t<div class=\"camera_caption_desc\">\n\t\t\t\t\t\t\t\tThemakunst: \"Hoor\"\t\t\t\t\t\t\t<\/div>\n\t\t\t\t\t\t\t\t\t\t\t\t\t\t\t\t\t\t\t\t\t\t\t\t\t\t\t<\/div>\n\t\t\t\t\t\t\t\t\t\t<\/div>\n\t\t\t\t\t\t\t<div  data-thumb=\"https:\/\/keystoonmusic.nl\/wp-content\/uploads\/2024\/12\/L47AodMLw4.jpg\" data-src=\"https:\/\/keystoonmusic.nl\/wp-content\/uploads\/2024\/12\/L47AodMLw4.jpg\" data-link=\"https:\/\/keystoonmusic.nl\/wp-content\/uploads\/2024\/12\/L47AodMLw4.jpg\" data-target=\"_parent\">\n\t\t\t\t\t\t\t\t\t\t\t\t<div class=\"camera_caption moveFromLeft\">\n\t\t\t\t\t\t\t\t\t\t\t\t\t\t\t\t\t\t\t\t\t<div class=\"camera_caption_desc\">\n\t\t\t\t\t\t\t\tTrio Toon Lips\t\t\t\t\t\t\t<\/div>\n\t\t\t\t\t\t\t\t\t\t\t\t\t\t\t\t\t\t\t\t\t\t\t\t\t\t\t<\/div>\n\t\t\t\t\t\t\t\t\t\t<\/div>\n\t\t\t\t\t\t\t<div  data-thumb=\"https:\/\/keystoonmusic.nl\/wp-content\/uploads\/2024\/12\/O7xzGaZTL0.jpg\" data-src=\"https:\/\/keystoonmusic.nl\/wp-content\/uploads\/2024\/12\/O7xzGaZTL0.jpg\" data-link=\"https:\/\/keystoonmusic.nl\/\" data-target=\"_blank\">\n\t\t\t\t\t\t\t\t\t\t\t\t<div class=\"camera_caption moveFromLeft\">\n\t\t\t\t\t\t\t\t\t\t\t\t\t\t\t\t\t\t\t\t\t<div class=\"camera_caption_desc\">\n\t\t\t\t\t\t\t\tToon Lips, pianist CI\t\t\t\t\t\t\t<\/div>\n\t\t\t\t\t\t\t\t\t\t\t\t\t\t\t\t\t\t\t\t\t\t\t\t\t\t\t<\/div>\n\t\t\t\t\t\t\t\t\t\t<\/div>\n\t\t\t\t\t\t\t<div  data-thumb=\"https:\/\/keystoonmusic.nl\/wp-content\/uploads\/2024\/12\/16NFs1SnUP.jpg\" data-src=\"https:\/\/keystoonmusic.nl\/wp-content\/uploads\/2024\/12\/16NFs1SnUP.jpg\" data-link=\"https:\/\/keystoonmusic.nl\/index.php\/trio-toon-lips\/\" data-target=\"_blank\">\n\t\t\t\t\t\t\t\t\t\t\t\t<div class=\"camera_caption moveFromLeft\">\n\t\t\t\t\t\t\t\t\t\t\t\t\t\t\t\t\t\t\t\t\t<div class=\"camera_caption_desc\">\n\t\t\t\t\t\t\t\tIrene Dijst. Camowa, Let's jazz\t\t\t\t\t\t\t<\/div>\n\t\t\t\t\t\t\t\t\t\t\t\t\t\t\t\t\t\t\t\t\t\t\t\t\t\t\t<\/div>\n\t\t\t\t\t\t\t\t\t\t<\/div>\n\t\t\t\t\t\t\t<div  data-thumb=\"https:\/\/keystoonmusic.nl\/wp-content\/uploads\/2024\/08\/WhatsApp-Image-2024-08-18-at-21.21.46.jpeg\" data-src=\"https:\/\/keystoonmusic.nl\/wp-content\/uploads\/2024\/08\/WhatsApp-Image-2024-08-18-at-21.21.46.jpeg\" data-link=\"https:\/\/muzieksalonspronk.nl\/people\/joke-veltman\/\" data-target=\"_blank\">\n\t\t\t\t\t\t\t\t\t\t\t\t<div class=\"camera_caption moveFromLeft\">\n\t\t\t\t\t\t\t\t\t\t\t\t\t\t\t\t\t\t\t\t\t<div class=\"camera_caption_desc\">\n\t\t\t\t\t\t\t\tJoke Veltman, pianiste CI\t\t\t\t\t\t\t<\/div>\n\t\t\t\t\t\t\t\t\t\t\t\t\t\t\t\t\t\t\t\t\t\t\t\t\t\t\t<\/div>\n\t\t\t\t\t\t\t\t\t\t<\/div>\n\t\t\t\t\t\t\t<div  data-thumb=\"https:\/\/keystoonmusic.nl\/wp-content\/uploads\/2024\/12\/4PyqvX1e7A.jpg\" data-src=\"https:\/\/keystoonmusic.nl\/wp-content\/uploads\/2024\/12\/4PyqvX1e7A.jpg\" data-link=\"https:\/\/keystoonmusic.nl\/wp-content\/uploads\/2024\/12\/4PyqvX1e7A.jpg\" data-target=\"_blank\" data-alignment=\"center\">\n\t\t\t\t\t\t\t\t\t\t\t\t<div class=\"camera_caption moveFromLeft\">\n\t\t\t\t\t\t\t\t\t\t\t\t\t\t\t\t\t\t\t\t\t<div class=\"camera_caption_desc\">\n\t\t\t\t\t\t\t\tJoke Veltman, pianiste CI, gebarentolk\t\t\t\t\t\t\t<\/div>\n\t\t\t\t\t\t\t\t\t\t\t\t\t\t\t\t\t\t\t\t\t\t\t\t\t\t\t<\/div>\n\t\t\t\t\t\t\t\t\t\t<\/div>\n\t\t\t\t\t\t\t<div  data-thumb=\"https:\/\/keystoonmusic.nl\/wp-content\/uploads\/2024\/12\/chrome_RRZX92xLH6.jpg\" data-src=\"https:\/\/keystoonmusic.nl\/wp-content\/uploads\/2024\/12\/chrome_RRZX92xLH6.jpg\" data-link=\"https:\/\/www.radboudumc.nl\/afdelingen\/keel-neus-oorheelkunde\/onze-onderdelen\/audiologisch-centrum\" data-target=\"_blank\">\n\t\t\t\t\t\t\t\t\t\t\t\t<div class=\"camera_caption moveFromLeft\">\n\t\t\t\t\t\t\t\t\t\t\t\t\t\t\t\t\t\t\t\t\t<div class=\"camera_caption_desc\">\n\t\t\t\t\t\t\t\tHasan Oostbeek, Toon Lips, zanger-gitarist, gebarentolk\t\t\t\t\t\t\t<\/div>\n\t\t\t\t\t\t\t\t\t\t\t\t\t\t\t\t\t\t\t\t\t\t\t\t\t\t\t<\/div>\n\t\t\t\t\t\t\t\t\t\t<\/div>\n\t\t\t\t\t\t\t<div  data-thumb=\"https:\/\/keystoonmusic.nl\/wp-content\/uploads\/2024\/12\/8AZ9K90STD.jpg\" data-src=\"https:\/\/keystoonmusic.nl\/wp-content\/uploads\/2024\/12\/8AZ9K90STD.jpg\" data-link=\"https:\/\/nederlandsgebarenkoor.nl\/\" data-target=\"_blank\">\n\t\t\t\t\t\t\t\t\t\t\t\t<div class=\"camera_caption moveFromLeft\">\n\t\t\t\t\t\t\t\t\t\t\t\t\t\t\t\t\t\t\t\t\t<div class=\"camera_caption_desc\">\n\t\t\t\t\t\t\t\thet Nederlands gebarenkoor\t\t\t\t\t\t\t<\/div>\n\t\t\t\t\t\t\t\t\t\t\t\t\t\t\t\t\t\t\t\t\t\t\t\t\t\t\t<\/div>\n\t\t\t\t\t\t\t\t\t\t<\/div>\n\t\t\t\t\t\t\t<div  data-thumb=\"https:\/\/keystoonmusic.nl\/wp-content\/uploads\/2024\/08\/chrome_AEhOWpS7Vm.png\" data-src=\"https:\/\/keystoonmusic.nl\/wp-content\/uploads\/2024\/08\/chrome_AEhOWpS7Vm.png\" data-link=\"https:\/\/www.linkedin.com\/search\/results\/all\/?fetchDeterministicClustersOnly=true&heroEntityKey=urn%3Ali%3Afsd_profile%3AACoAACU2Fh4BwZGqkzEp1bkvpmda_9OpXkY2Zls&keywords=anas%20alghafir&origin=RICH_QUERY_SUGGESTION&position=0&searchId=43fde045-47df-41d6-a218-ff9a73338fc1&sid=2W%40&spellCorrectionEnabled=false\" data-target=\"_blank\">\n\t\t\t\t\t\t\t\t\t\t\t\t<div class=\"camera_caption moveFromLeft\">\n\t\t\t\t\t\t\t\t\t\t\t\t\t\t\t\t\t\t\t\t\t<div class=\"camera_caption_desc\">\n\t\t\t\t\t\t\t\tAnas al Ghafir: Videoproductie\t\t\t\t\t\t\t<\/div>\n\t\t\t\t\t\t\t\t\t\t\t\t\t\t\t\t\t\t\t\t\t\t\t\t\t\t\t<\/div>\n\t\t\t\t\t\t\t\t\t\t<\/div>\n\t\t\t\t\t<\/div>\n\t\t<div style=\"clear:both;\"><\/div>\n\t\t\n<\/div><\/div>\n","protected":false},"excerpt":{"rendered":"<p>Mijn naam is Toon Lips, pianist en leider van het trio \u201cCAMOWA let\u2019s jazz!\u201d. Ik heb een cochleair implantaat (Sinds januari 2023) \u00e9n draag een gehoorapparaat. Zonder deze hulpmiddelen hoor ik vrijwel niets, maar m\u00e9t ben ik in staat om te musiceren en diverse ensembles te leiden. In december 2024 heb ik dit hartverwarmende concert&hellip; <a class=\"more-link\" href=\"https:\/\/keystoonmusic.nl\/index.php\/jij-hoort-in-het-theater\/\">Lees verder <span class=\"screen-reader-text\">Jij HOORT in het theater<\/span><\/a><\/p>\n","protected":false},"author":1,"featured_media":0,"parent":0,"menu_order":0,"comment_status":"open","ping_status":"closed","template":"","meta":{"footnotes":""},"class_list":["post-2607","page","type-page","status-publish","hentry","entry"],"_links":{"self":[{"href":"https:\/\/keystoonmusic.nl\/index.php\/wp-json\/wp\/v2\/pages\/2607","targetHints":{"allow":["GET"]}}],"collection":[{"href":"https:\/\/keystoonmusic.nl\/index.php\/wp-json\/wp\/v2\/pages"}],"about":[{"href":"https:\/\/keystoonmusic.nl\/index.php\/wp-json\/wp\/v2\/types\/page"}],"author":[{"embeddable":true,"href":"https:\/\/keystoonmusic.nl\/index.php\/wp-json\/wp\/v2\/users\/1"}],"replies":[{"embeddable":true,"href":"https:\/\/keystoonmusic.nl\/index.php\/wp-json\/wp\/v2\/comments?post=2607"}],"version-history":[{"count":215,"href":"https:\/\/keystoonmusic.nl\/index.php\/wp-json\/wp\/v2\/pages\/2607\/revisions"}],"predecessor-version":[{"id":3658,"href":"https:\/\/keystoonmusic.nl\/index.php\/wp-json\/wp\/v2\/pages\/2607\/revisions\/3658"}],"wp:attachment":[{"href":"https:\/\/keystoonmusic.nl\/index.php\/wp-json\/wp\/v2\/media?parent=2607"}],"curies":[{"name":"wp","href":"https:\/\/api.w.org\/{rel}","templated":true}]}}