{"id":2049,"date":"2023-02-22T12:52:48","date_gmt":"2023-02-22T11:52:48","guid":{"rendered":"https:\/\/keystoonmusic.nl\/?page_id=2049"},"modified":"2026-03-11T15:19:56","modified_gmt":"2026-03-11T14:19:56","slug":"jij-hoort-2","status":"publish","type":"page","link":"https:\/\/keystoonmusic.nl\/index.php\/jij-hoort-2\/","title":{"rendered":"Jij HOORT in het theater!"},"content":{"rendered":"\n<h4 class=\"wp-block-heading has-text-align-center\"><mark><mark style=\"background-color:#000000;color:#00c8ff\" class=\"has-inline-color\"><mark style=\"background-color:rgba(0, 0, 0, 0);color:#00c8ff\" class=\"has-inline-color\"><strong>Jij <\/strong><\/mark><mark style=\"background-color:rgba(0, 0, 0, 0);color:#ff6001\" class=\"has-inline-color\"><strong>HOORT<\/strong><\/mark><mark style=\"background-color:rgba(0, 0, 0, 0);color:#00c8ff\" class=\"has-inline-color\"><strong> <\/strong><\/mark><mark style=\"background-color:rgba(0, 0, 0, 0);color:#00c8ff\" class=\"has-inline-color\"><strong>in het theater! <sup>3<\/sup><\/strong><\/mark><\/mark><\/mark><strong><mark style=\"background-color:rgba(0, 0, 0, 0)\" class=\"has-inline-color has-black-color\"><mark style=\"background-color:rgba(0, 0, 0, 0);color:#01c8ff\" class=\"has-inline-color\"><\/mark><\/mark><\/strong><\/h4>\n\n\n\n\t\t<link href=\"https:\/\/keystoonmusic.nl\/wp-content\/plugins\/slideshow-ck\/themes\/default\/css\/camera.css\" rel=\"stylesheet\" type=\"text\/css\" \/>\n\t\t<style type=\"text\/css\">\n\t\t\t#camera_wrap_2412 .camera_pag_ul li img, #camera_wrap_2412 .camera_thumbs_cont ul li img {\n\t\t\t\theight:100px;\n\t\t\t\twidth: auto;\n\t\t\t}\n\t\t\t#camera_wrap_2412 .camera_caption {\n\t\t\t\tdisplay: block;\n\t\t\t\tposition: absolute;\n\t\t\t}\n\t\t\t#camera_wrap_2412 .camera_caption a.camera_caption_link {\n\t\t\t\tdisplay: block;\n\t\t\t\tposition: absolute;\n\t\t\t\tleft: 0;\n\t\t\t\tright: 0;\n\t\t\t\ttop: 0;\n\t\t\t\tbottom: 0;\n\t\t\t}\n\t\t\t#camera_wrap_2412 .camera_caption > div {\n\t\t\t\tbackground: #000000;\t\t\t}\n\t\t\t#camera_wrap_2412 .camera_caption div.camera_caption_title {\n\t\t\t\tfont-size: 18px;line-height: 18px;font-weight: normal;\t\t\t}\n\t\t\t#camera_wrap_2412 .camera_caption div.camera_caption_desc {\n\t\t\t\tfont-size: 12px;line-height: 12px;font-weight: normal;\t\t\t}\n\t\t<\/style>\n\t\t\t\t<div class=\"slideshowck camera_wrap camera_amber_skin\" id=\"camera_wrap_2412\">\n\t\t\t\t\t\t\t<div  data-thumb=\"https:\/\/keystoonmusic.nl\/wp-content\/uploads\/2025\/04\/chrome_SGlOqpnIcc.jpg\" data-src=\"https:\/\/keystoonmusic.nl\/wp-content\/uploads\/2025\/04\/chrome_SGlOqpnIcc.jpg\" data-link=\"https:\/\/keystoonmusic.nl\/wp-content\/uploads\/2025\/04\/chrome_SGlOqpnIcc.jpg\" data-target=\"_parent\">\n\t\t\t\t\t\t\t\t\t\t<\/div>\n\t\t\t\t\t\t\t<div  data-thumb=\"https:\/\/keystoonmusic.nl\/wp-content\/uploads\/2026\/02\/WINWORD_Bo4d2NwBy2.jpg\" data-src=\"https:\/\/keystoonmusic.nl\/wp-content\/uploads\/2026\/02\/WINWORD_Bo4d2NwBy2.jpg\" data-link=\"https:\/\/keystoonmusic.nl\/wp-content\/uploads\/2026\/02\/WINWORD_Bo4d2NwBy2.jpg\" data-target=\"_parent\">\n\t\t\t\t\t\t\t\t\t\t\t\t<div class=\"camera_caption moveFromLeft\">\n\t\t\t\t\t\t\t\t\t\t\t\t\t\t<div class=\"camera_caption_title\">\n\t\t\t\t\t\t\t\tToon Lips, bassist\t\t\t\t\t\t\t<\/div>\n\t\t\t\t\t\t\t\t\t\t\t\t\t\t\t\t\t\t\t\t\t\t\t\t\t\t\t\t\t\t\t\t\t\t<\/div>\n\t\t\t\t\t\t\t\t\t\t<\/div>\n\t\t\t\t\t\t\t<div  data-thumb=\"https:\/\/keystoonmusic.nl\/wp-content\/uploads\/2025\/04\/chrome_SjeCk68WRH.jpg\" data-src=\"https:\/\/keystoonmusic.nl\/wp-content\/uploads\/2025\/04\/chrome_SjeCk68WRH.jpg\" data-link=\"https:\/\/keystoonmusic.nl\/wp-content\/uploads\/2025\/04\/chrome_SjeCk68WRH.jpg\" data-target=\"_parent\">\n\t\t\t\t\t\t\t\t\t\t<\/div>\n\t\t\t\t\t\t\t<div  data-thumb=\"https:\/\/keystoonmusic.nl\/wp-content\/uploads\/2024\/12\/Rae4fBVrRv.jpg\" data-src=\"https:\/\/keystoonmusic.nl\/wp-content\/uploads\/2024\/12\/Rae4fBVrRv.jpg\" data-link=\"https:\/\/keystoonmusic.nl\/wp-content\/uploads\/2024\/12\/Rae4fBVrRv.jpg\" data-target=\"_parent\">\n\t\t\t\t\t\t\t\t\t\t\t\t<div class=\"camera_caption moveFromLeft\">\n\t\t\t\t\t\t\t\t\t\t\t\t\t\t<div class=\"camera_caption_title\">\n\t\t\t\t\t\t\t\tToon Lips pianist-initiatiefnemer\t\t\t\t\t\t\t<\/div>\n\t\t\t\t\t\t\t\t\t\t\t\t\t\t\t\t\t\t\t\t\t\t\t\t\t\t\t\t\t\t\t\t\t\t<\/div>\n\t\t\t\t\t\t\t\t\t\t<\/div>\n\t\t\t\t\t\t\t<div  data-thumb=\"https:\/\/keystoonmusic.nl\/wp-content\/uploads\/2025\/04\/WhatsApp-Image-2024-08-18-at-21.21.46-1-scaled.jpeg\" data-src=\"https:\/\/keystoonmusic.nl\/wp-content\/uploads\/2025\/04\/WhatsApp-Image-2024-08-18-at-21.21.46-1-scaled.jpeg\" data-link=\"https:\/\/keystoonmusic.nl\/wp-content\/uploads\/2025\/04\/WhatsApp-Image-2024-08-18-at-21.21.46-1-scaled.jpeg\" data-target=\"_parent\">\n\t\t\t\t\t\t\t\t\t\t\t\t<div class=\"camera_caption moveFromLeft\">\n\t\t\t\t\t\t\t\t\t\t\t\t\t\t<div class=\"camera_caption_title\">\n\t\t\t\t\t\t\t\tJoke Veltman pianiste-initiatiefnemer\t\t\t\t\t\t\t<\/div>\n\t\t\t\t\t\t\t\t\t\t\t\t\t\t\t\t\t\t\t\t\t\t\t\t\t\t\t\t\t\t\t\t\t\t<\/div>\n\t\t\t\t\t\t\t\t\t\t<\/div>\n\t\t\t\t\t\t\t<div  data-thumb=\"https:\/\/keystoonmusic.nl\/wp-content\/uploads\/2025\/04\/chrome_dMTJLFK6RW.jpg\" data-src=\"https:\/\/keystoonmusic.nl\/wp-content\/uploads\/2025\/04\/chrome_dMTJLFK6RW.jpg\" data-link=\"https:\/\/keystoonmusic.nl\/wp-content\/uploads\/2025\/04\/chrome_dMTJLFK6RW.jpg\" data-target=\"_parent\">\n\t\t\t\t\t\t\t\t\t\t\t\t<div class=\"camera_caption moveFromLeft\">\n\t\t\t\t\t\t\t\t\t\t\t\t\t\t<div class=\"camera_caption_title\">\n\t\t\t\t\t\t\t\tMartine Dubois \t\t\t\t\t\t\t<\/div>\n\t\t\t\t\t\t\t\t\t\t\t\t\t\t\t\t\t\t\t\t\t<div class=\"camera_caption_desc\">\n\t\t\t\t\t\t\t\tHarpiste\t\t\t\t\t\t\t<\/div>\n\t\t\t\t\t\t\t\t\t\t\t\t\t\t\t\t\t\t\t\t\t\t\t\t\t\t\t<\/div>\n\t\t\t\t\t\t\t\t\t\t<\/div>\n\t\t\t\t\t\t\t<div  data-thumb=\"https:\/\/keystoonmusic.nl\/wp-content\/uploads\/2025\/04\/chrome_SbHqYiEfd1.jpg\" data-src=\"https:\/\/keystoonmusic.nl\/wp-content\/uploads\/2025\/04\/chrome_SbHqYiEfd1.jpg\" data-link=\"https:\/\/keystoonmusic.nl\/wp-content\/uploads\/2025\/04\/chrome_SbHqYiEfd1.jpg\" data-target=\"_parent\">\n\t\t\t\t\t\t\t\t\t\t<\/div>\n\t\t\t\t\t\t\t<div  data-thumb=\"https:\/\/keystoonmusic.nl\/wp-content\/uploads\/2025\/06\/chrome_0uua675XfS.jpg\" data-src=\"https:\/\/keystoonmusic.nl\/wp-content\/uploads\/2025\/06\/chrome_0uua675XfS.jpg\" data-link=\"https:\/\/keystoonmusic.nl\/wp-content\/uploads\/2025\/06\/chrome_0uua675XfS.jpg\" data-target=\"_parent\">\n\t\t\t\t\t\t\t\t\t\t\t\t<div class=\"camera_caption moveFromLeft\">\n\t\t\t\t\t\t\t\t\t\t\t\t\t\t<div class=\"camera_caption_title\">\n\t\t\t\t\t\t\t\tMartine Dubois\t\t\t\t\t\t\t<\/div>\n\t\t\t\t\t\t\t\t\t\t\t\t\t\t\t\t\t\t\t\t\t<div class=\"camera_caption_desc\">\n\t\t\t\t\t\t\t\tBoswachter\t\t\t\t\t\t\t<\/div>\n\t\t\t\t\t\t\t\t\t\t\t\t\t\t\t\t\t\t\t\t\t\t\t\t\t\t\t<\/div>\n\t\t\t\t\t\t\t\t\t\t<\/div>\n\t\t\t\t\t\t\t<div  data-thumb=\"https:\/\/keystoonmusic.nl\/wp-content\/uploads\/2025\/04\/chrome_dCFDJiUb8c.jpg\" data-src=\"https:\/\/keystoonmusic.nl\/wp-content\/uploads\/2025\/04\/chrome_dCFDJiUb8c.jpg\" data-link=\"https:\/\/keystoonmusic.nl\/wp-content\/uploads\/2025\/04\/chrome_dCFDJiUb8c.jpg\" data-target=\"_parent\">\n\t\t\t\t\t\t\t\t\t\t<\/div>\n\t\t\t\t\t\t\t<div  data-thumb=\"https:\/\/keystoonmusic.nl\/wp-content\/uploads\/2025\/11\/Willemijn.png\" data-src=\"https:\/\/keystoonmusic.nl\/wp-content\/uploads\/2025\/11\/Willemijn.png\" data-link=\"https:\/\/keystoonmusic.nl\/wp-content\/uploads\/2025\/11\/Willemijn.png\" data-target=\"_parent\">\n\t\t\t\t\t\t\t\t\t\t\t\t<div class=\"camera_caption moveFromLeft\">\n\t\t\t\t\t\t\t\t\t\t\t\t\t\t<div class=\"camera_caption_title\">\n\t\t\t\t\t\t\t\tWillemijn de Bruijn\t\t\t\t\t\t\t<\/div>\n\t\t\t\t\t\t\t\t\t\t\t\t\t\t\t\t\t\t\t\t\t<div class=\"camera_caption_desc\">\n\t\t\t\t\t\t\t\tZangeres\t\t\t\t\t\t\t<\/div>\n\t\t\t\t\t\t\t\t\t\t\t\t\t\t\t\t\t\t\t\t\t\t\t\t\t\t\t<\/div>\n\t\t\t\t\t\t\t\t\t\t<\/div>\n\t\t\t\t\t\t\t<div  data-thumb=\"https:\/\/keystoonmusic.nl\/wp-content\/uploads\/2025\/04\/chrome_SbHqYiEfd1.jpg\" data-src=\"https:\/\/keystoonmusic.nl\/wp-content\/uploads\/2025\/04\/chrome_SbHqYiEfd1.jpg\" data-link=\"https:\/\/keystoonmusic.nl\/wp-content\/uploads\/2025\/04\/chrome_SbHqYiEfd1.jpg\" data-target=\"_parent\">\n\t\t\t\t\t\t\t\t\t\t<\/div>\n\t\t\t\t\t\t\t<div  data-thumb=\"https:\/\/keystoonmusic.nl\/wp-content\/uploads\/2025\/06\/chrome_qXfuhQ015d-removebg-preview.png\" data-src=\"https:\/\/keystoonmusic.nl\/wp-content\/uploads\/2025\/06\/chrome_qXfuhQ015d-removebg-preview.png\" data-link=\"https:\/\/keystoonmusic.nl\/wp-content\/uploads\/2025\/06\/chrome_qXfuhQ015d-removebg-preview.png\" data-target=\"_parent\">\n\t\t\t\t\t\t\t\t\t\t\t\t<div class=\"camera_caption moveFromLeft\">\n\t\t\t\t\t\t\t\t\t\t\t\t\t\t<div class=\"camera_caption_title\">\n\t\t\t\t\t\t\t\tRen\u00e9 Deneer\t\t\t\t\t\t\t<\/div>\n\t\t\t\t\t\t\t\t\t\t\t\t\t\t\t\t\t\t\t\t\t<div class=\"camera_caption_desc\">\n\t\t\t\t\t\t\t\tZanger- gitarist\t\t\t\t\t\t\t<\/div>\n\t\t\t\t\t\t\t\t\t\t\t\t\t\t\t\t\t\t\t\t\t\t\t\t\t\t\t<\/div>\n\t\t\t\t\t\t\t\t\t\t<\/div>\n\t\t\t\t\t\t\t<div  data-thumb=\"https:\/\/keystoonmusic.nl\/wp-content\/uploads\/2025\/11\/chrome_d8orvasy2O.jpg\" data-src=\"https:\/\/keystoonmusic.nl\/wp-content\/uploads\/2025\/11\/chrome_d8orvasy2O.jpg\" data-link=\"https:\/\/keystoonmusic.nl\/wp-content\/uploads\/2025\/11\/chrome_d8orvasy2O.jpg\" data-target=\"_parent\">\n\t\t\t\t\t\t\t\t\t\t<\/div>\n\t\t\t\t\t\t\t<div  data-thumb=\"https:\/\/keystoonmusic.nl\/wp-content\/uploads\/2025\/06\/chrome_FlzxJIxb1k-removebg-preview.png\" data-src=\"https:\/\/keystoonmusic.nl\/wp-content\/uploads\/2025\/06\/chrome_FlzxJIxb1k-removebg-preview.png\" data-link=\"https:\/\/keystoonmusic.nl\/wp-content\/uploads\/2025\/06\/chrome_FlzxJIxb1k-removebg-preview.png\" data-target=\"_parent\">\n\t\t\t\t\t\t\t\t\t\t\t\t<div class=\"camera_caption moveFromLeft\">\n\t\t\t\t\t\t\t\t\t\t\t\t\t\t<div class=\"camera_caption_title\">\n\t\t\t\t\t\t\t\tBart MUller\t\t\t\t\t\t\t<\/div>\n\t\t\t\t\t\t\t\t\t\t\t\t\t\t\t\t\t\t\t\t\t<div class=\"camera_caption_desc\">\n\t\t\t\t\t\t\t\tZanger - saxofonist\t\t\t\t\t\t\t<\/div>\n\t\t\t\t\t\t\t\t\t\t\t\t\t\t\t\t\t\t\t\t\t\t\t\t\t\t\t<\/div>\n\t\t\t\t\t\t\t\t\t\t<\/div>\n\t\t\t\t\t\t\t<div  data-thumb=\"https:\/\/keystoonmusic.nl\/wp-content\/uploads\/2025\/04\/chrome_oGvom39k1Y.jpg\" data-src=\"https:\/\/keystoonmusic.nl\/wp-content\/uploads\/2025\/04\/chrome_oGvom39k1Y.jpg\" data-link=\"https:\/\/keystoonmusic.nl\/wp-content\/uploads\/2025\/04\/chrome_oGvom39k1Y.jpg\" data-target=\"_parent\">\n\t\t\t\t\t\t\t\t\t\t<\/div>\n\t\t\t\t\t\t\t<div  data-thumb=\"https:\/\/keystoonmusic.nl\/wp-content\/uploads\/2025\/06\/1000017913-removebg-preview.png\" data-src=\"https:\/\/keystoonmusic.nl\/wp-content\/uploads\/2025\/06\/1000017913-removebg-preview.png\" data-link=\"https:\/\/keystoonmusic.nl\/wp-content\/uploads\/2025\/06\/1000017913-removebg-preview.png\" data-target=\"_parent\">\n\t\t\t\t\t\t\t\t\t\t\t\t<div class=\"camera_caption moveFromLeft\">\n\t\t\t\t\t\t\t\t\t\t\t\t\t\t<div class=\"camera_caption_title\">\n\t\t\t\t\t\t\t\tAnja Faber\t\t\t\t\t\t\t<\/div>\n\t\t\t\t\t\t\t\t\t\t\t\t\t\t\t\t\t\t\t\t\t<div class=\"camera_caption_desc\">\n\t\t\t\t\t\t\t\tZangeres\t\t\t\t\t\t\t<\/div>\n\t\t\t\t\t\t\t\t\t\t\t\t\t\t\t\t\t\t\t\t\t\t\t\t\t\t\t<\/div>\n\t\t\t\t\t\t\t\t\t\t<\/div>\n\t\t\t\t\t\t\t<div  data-thumb=\"https:\/\/keystoonmusic.nl\/wp-content\/uploads\/2025\/06\/E4bJJ2ArbM.jpg\" data-src=\"https:\/\/keystoonmusic.nl\/wp-content\/uploads\/2025\/06\/E4bJJ2ArbM.jpg\" data-link=\"https:\/\/keystoonmusic.nl\/wp-content\/uploads\/2025\/06\/E4bJJ2ArbM.jpg\" data-target=\"_parent\">\n\t\t\t\t\t\t\t\t\t\t\t\t<div class=\"camera_caption moveFromLeft\">\n\t\t\t\t\t\t\t\t\t\t\t\t\t\t<div class=\"camera_caption_title\">\n\t\t\t\t\t\t\t\tGert Talens\t\t\t\t\t\t\t<\/div>\n\t\t\t\t\t\t\t\t\t\t\t\t\t\t\t\t\t\t\t\t\t<div class=\"camera_caption_desc\">\n\t\t\t\t\t\t\t\tPresentator\t\t\t\t\t\t\t<\/div>\n\t\t\t\t\t\t\t\t\t\t\t\t\t\t\t\t\t\t\t\t\t\t\t\t\t\t\t<\/div>\n\t\t\t\t\t\t\t\t\t\t<\/div>\n\t\t\t\t\t<\/div>\n\t\t<div style=\"clear:both;\"><\/div>\n\t\t\n\n\n\n<p><mark style=\"background-color:rgba(0, 0, 0, 0);color:#ffff00\" class=\"has-inline-color\">Bekijk deze preview en kom in 2026 genieten van dit unieke concert!<\/mark><\/p>\n\n\n\n<figure class=\"wp-block-embed is-type-video is-provider-youtube wp-block-embed-youtube wp-embed-aspect-16-9 wp-has-aspect-ratio\"><div class=\"wp-block-embed__wrapper\">\n<iframe loading=\"lazy\" title=\"Concert &quot;Jij HOORT in het theater!&quot;\" width=\"750\" height=\"422\" src=\"https:\/\/www.youtube.com\/embed\/ktvGlZwBDG0?feature=oembed\" frameborder=\"0\" allow=\"accelerometer; autoplay; clipboard-write; encrypted-media; gyroscope; picture-in-picture; web-share\" referrerpolicy=\"strict-origin-when-cross-origin\" allowfullscreen><\/iframe>\n<\/div><\/figure>\n\n\n\n<p><mark style=\"background-color:rgba(0, 0, 0, 0)\" class=\"has-inline-color has-black-color\"><mark style=\"background-color: rgba(0, 0, 0, 0);\" class=\"has-inline-color\"><font color=\"#01c8ff\">Het 3e concert, <\/font><mark style=\"background-color: rgba(0, 0, 0, 0);\" class=\"has-inline-color has-black-color\"><mark style=\"color: rgb(1, 200, 255); background-color: rgba(0, 0, 0, 0);\" class=\"has-inline-color\">door musici met een verhaa<\/mark><\/mark><\/mark><\/mark><mark style=\"background-color:rgba(0, 0, 0, 0);color:#00c8ff\" class=\"has-inline-color\">l, vindt plaats in <\/mark><mark style=\"background-color:rgba(0, 0, 0, 0)\" class=\"has-inline-color has-black-color\"><mark style=\"background-color:rgba(0, 0, 0, 0);color:#01c8ff\" class=\"has-inline-color\">de monumentale St. Aegtenkapel te Amersfoort op 11 oktober 2026 (14:30 uur)* . Bevlogen musici bezorgen het enthousiaste publiek een onvergetelijke middag! Dit alles wordt mede mogelijk gemaakt door de ondersteuning van onze sponsoren en de stichting:&#8221;Onbeperkt horen&#8221; te Amsterdam. <\/mark><\/mark><\/p>\n\n\n\n<p><mark style=\"background-color:rgba(0, 0, 0, 0)\" class=\"has-inline-color has-black-color\"><mark style=\"background-color:rgba(0, 0, 0, 0);color:#01c8ff\" class=\"has-inline-color\">* onder voorbehoud van financiering.<\/mark><\/mark><\/p>\n\n\n\n<p><mark style=\"background-color:rgba(0, 0, 0, 0)\" class=\"has-inline-color has-black-color\"><mark style=\"background-color:rgba(0, 0, 0, 0);color:#01c8ff\" class=\"has-inline-color\">Hoe het begon <a href=\"https:\/\/keystoonmusic.nl\/index.php\/jij-hoort-in-het-theater\/\">leest u hier<\/a>.<\/mark>r i<\/mark><strong><mark style=\"background-color:rgba(0, 0, 0, 0)\" class=\"has-inline-color has-black-color\">et een verhaal!&nbsp;<\/mark><\/strong><\/p>\n\n\n\n<div class=\"wp-block-group\"><div class=\"wp-block-group__inner-container is-layout-constrained wp-block-group-is-layout-constrained\">\n<hr class=\"wp-block-separator alignfull has-alpha-channel-opacity\"\/>\n<\/div><\/div>\n\n\n\n<h4 class=\"wp-block-heading\"><mark style=\"background-color:rgba(0, 0, 0, 0);color:#ffff00\" class=\"has-inline-color\">CI&amp;ME (20) <\/mark><\/h4>\n\n\n\n<p><mark style=\"background-color:rgba(0, 0, 0, 0);color:#ffff00\" class=\"has-inline-color\"><strong><em>Mijn oor te luisteren leggen**? Ik kan dat, letterlijk.<\/em><\/strong><\/mark><\/p>\n\n\n\n<p><mark style=\"background-color:rgba(0, 0, 0, 0);color:#00c8ff\" class=\"has-inline-color\">Als (bijna) dove muzikant met links een gehoorapparaat en rechts een CI* leef ik in een soort parallel universum waar geluid zich soms gedraagt als een onvoorspelbare huisgenoot.         <div class=\"rmwr-wrapper\" \n             data-id=\"rmwr-69f289561e7ae\"\n             data-mode=\"normal\"\n             data-animation=\"fade\"\n             data-duration=\"300\"\n             data-smooth-scroll=\"true\"\n             data-scroll-offset=\"0\">\n            <button \n                type=\"button\"\n                class=\"read-link\" \n                id=\"readlinkrmwr-69f289561e7ae\"\n                data-open-text=\"Lees meer\"\n                data-close-text=\"Lees minder\"\n                aria-expanded=\"false\"\n                aria-controls=\"readrmwr-69f289561e7ae\"\n                aria-label=\"Lees meer\"\n            >\n                <span class=\"rmwr-text\">Lees meer<\/span>\n            <\/button>\n            <div \n                class=\"read_div\" \n                id=\"readrmwr-69f289561e7ae\"\n                aria-hidden=\"true\"\n                data-animation=\"fade\"\n                data-duration=\"300\"\n                style=\"display: none;\"\n            >\n                <\/mark><\/p>\n\n\n\n<p><mark style=\"background-color:#00000000;color:#00c8ff\" class=\"has-inline-color\">In gezelschap kom ik soms <strong>oren<\/strong> tekort. Mijn CI* besluit dat het gesprek bij de statafel interessant is, terwijl mijn gehoorapparaat zich stort op het stemgeluid van een ander. Ondertussen probeer ik <strong>met een half oor<\/strong> te luisteren naar degene tegenover me, maar eerlijk gezegd luister ik vaker <strong>met \u00e9\u00e9n oor<\/strong> en hoop dat ik correct antwoord.<br>Soms gaat een telefoongesprek <strong>het ene oor in, het andere uit<\/strong>. Als de techniek hapert komt een gesprek dan links of rechts binnen. \u00a0Bij mijn CI*: scherp en dun als Donald Duck; bij mijn gehoorapparaat: een dof gemompel. Dus hier staat soms \u00e9\u00e9n oor aan, \u00e9\u00e9n oor uit \ud83d\ude0a<br>Toch heb ik <strong>oor naar mensen<\/strong>. Ik wil ze horen, echt horen. Dus <strong>spits ik mijn oren <\/strong>\u2014 of beter gezegd: ik zet mijn gehoorapparaat en CI* op een stand waarvan de fabrikant beweert dat die de oplossing zijn voor al mijn problemen. Was dat maar waar, nietwaar?<br>Ik probeer mijn oor <strong>te luisteren te leggen<\/strong>, maar dat kan ik dus letterlijk. Ik leg gewoon een hulpstuk, midden op de overlegtafel. Terwijl anderen overleggen, lijkt het alsof ik auditief aan het hengelen ben.<br>En ja, soms probeert iemand mij <strong>een oor aan te naaien<\/strong>. Maar met twee elektronische oorbellen, waarvan \u00e9\u00e9n letterlijk aangenaaid (ingenaaid past beter bij mijn CI*) ben ik al genaaid \u00e9n voorzien. Ik herken gelukkig nog situaties die me kunnen schaden.<br>Mensen praten me soms <strong>de oren van het hoofd<\/strong>. Niet wetend wat ik w\u00e9l of niet opvang. Tot ik reageer op iets wat ze fluisteren. Zomaar verrassend.<br>En ja, i<strong>k laat mijn oren weleens hangen<\/strong>.Vooral naar mijn dierbaren, mijn audicien, die echt een luisterend oor bieden.<br><strong>Oren tekortgekomen<\/strong>? <strong>Spits je oren<\/strong> op mijn website: <a href=\"https:\/\/lnkd.in\/eQ_6X9NU\">https:\/\/lnkd.in\/eQ_6X9NU<\/a>)<br><br>CI = Cochleair Implantaat, onderhuids op de schedel aangebracht. <a href=\"https:\/\/lnkd.in\/enPY5fxE\">https:\/\/lnkd.in\/enPY5fxE<\/a><br>** AI verzamelde uitdrukkingen en zegswijzen over oren. Ik smeedde ze tot dit geheel.<\/mark><\/p>\n\n\n\n<p><mark style=\"color:#00c8ff\" class=\"has-inline-color\"><strong>            <\/div>\n        <\/div>\n        <\/strong><\/mark><\/p>\n\n\n\n<p><mark style=\"background-color:rgba(0, 0, 0, 0);color:#ffff00\" class=\"has-inline-color\">Nog meer CI&amp;ME? lees <a href=\"https:\/\/keystoonmusic.nl\/index.php\/newsletter\/\">hier<\/a> de volledige collectie<\/mark><\/p>\n\n\n\n<p class=\"has-text-align-left\"><\/p>\n\n\n\n<div class=\"wp-block-group\"><div class=\"wp-block-group__inner-container is-layout-constrained wp-block-group-is-layout-constrained\"><div class=\"wp-block-image\">\n<figure class=\"alignleft size-full is-resized\"><a href=\"https:\/\/www.linkedin.com\/in\/toon-l-36283137\/recent-activity\/all\/\" target=\"_blank\" rel=\" noreferrer noopener\"><img loading=\"lazy\" decoding=\"async\" width=\"267\" height=\"270\" src=\"https:\/\/keystoonmusic.nl\/wp-content\/uploads\/2024\/08\/WINWORD_zYyk4qZxyI.jpg\" alt=\"\" class=\"wp-image-2876\" style=\"width:54px;height:auto\"\/><\/a><\/figure>\n<\/div>\n\n\n<div class=\"wp-block-buttons is-layout-flex wp-block-buttons-is-layout-flex\">\n<div class=\"wp-block-button is-style-outline is-style-outline--1\"><a class=\"wp-block-button__link wp-element-button\" href=\"https:\/\/keystoonmusic.nl\/index.php\/contact\/\" target=\"_blank\" rel=\"noreferrer noopener\">Contact<\/a><\/div>\n\n\n\n<div class=\"wp-block-button is-style-outline is-style-outline--2\"><a class=\"wp-block-button__link wp-element-button\" href=\"https:\/\/www.kno.nl\/patienten-informatie\/oor\/cochleair-implantaat\" target=\"_blank\" rel=\"noreferrer noopener\">CI informatie<\/a><\/div>\n<\/div>\n\n\n\n<div class=\"wp-block-buttons alignwide is-layout-flex wp-block-buttons-is-layout-flex\"><\/div>\n<\/div><\/div>\n\n\n\n<p><\/p>\n","protected":false},"excerpt":{"rendered":"<p>Jij HOORT in het theater! 3 Bekijk deze preview en kom in 2026 genieten van dit unieke concert! Het 3e concert, door musici met een verhaal, vindt plaats in de monumentale St. Aegtenkapel te Amersfoort op 11 oktober 2026 (14:30 uur)* . Bevlogen musici bezorgen het enthousiaste publiek een onvergetelijke middag! Dit alles wordt mede&hellip; <a class=\"more-link\" href=\"https:\/\/keystoonmusic.nl\/index.php\/jij-hoort-2\/\">Lees verder <span class=\"screen-reader-text\">Jij HOORT in het theater!<\/span><\/a><\/p>\n","protected":false},"author":1,"featured_media":0,"parent":0,"menu_order":0,"comment_status":"closed","ping_status":"closed","template":"","meta":{"footnotes":""},"class_list":["post-2049","page","type-page","status-publish","hentry","entry"],"_links":{"self":[{"href":"https:\/\/keystoonmusic.nl\/index.php\/wp-json\/wp\/v2\/pages\/2049","targetHints":{"allow":["GET"]}}],"collection":[{"href":"https:\/\/keystoonmusic.nl\/index.php\/wp-json\/wp\/v2\/pages"}],"about":[{"href":"https:\/\/keystoonmusic.nl\/index.php\/wp-json\/wp\/v2\/types\/page"}],"author":[{"embeddable":true,"href":"https:\/\/keystoonmusic.nl\/index.php\/wp-json\/wp\/v2\/users\/1"}],"replies":[{"embeddable":true,"href":"https:\/\/keystoonmusic.nl\/index.php\/wp-json\/wp\/v2\/comments?post=2049"}],"version-history":[{"count":197,"href":"https:\/\/keystoonmusic.nl\/index.php\/wp-json\/wp\/v2\/pages\/2049\/revisions"}],"predecessor-version":[{"id":3722,"href":"https:\/\/keystoonmusic.nl\/index.php\/wp-json\/wp\/v2\/pages\/2049\/revisions\/3722"}],"wp:attachment":[{"href":"https:\/\/keystoonmusic.nl\/index.php\/wp-json\/wp\/v2\/media?parent=2049"}],"curies":[{"name":"wp","href":"https:\/\/api.w.org\/{rel}","templated":true}]}}